{"id":6622,"date":"2023-05-17T16:12:32","date_gmt":"2023-05-17T14:12:32","guid":{"rendered":"https:\/\/www.bocklip.com\/experiences\/\/?page_id=6622"},"modified":"2023-05-17T16:12:35","modified_gmt":"2023-05-17T14:12:35","slug":"reglement-du-jeu-de-piste","status":"publish","type":"page","link":"https:\/\/www.bocklip.com\/experiences\/reglement-du-jeu-de-piste\/","title":{"rendered":"R\u00e8glement du Jeu de Piste"},"content":{"rendered":"\n<h2 class=\"wp-block-heading\"><strong>R\u00c8GLEMENT\/ Jeu CONCOURS Juin 2023 <\/strong>:&nbsp;<\/h2>\n\n\n\n<h2 class=\"wp-block-heading\"><strong>Article n\u00b01 : Organisateur et dur\u00e9e du jeu<\/strong><\/h2>\n\n\n\n<p class=\"has-text-align-left\">1.1 L\u2019entreprise Bocklip dont le si\u00e8ge social est situ\u00e9 au 9, rue Ren\u00e9 Clair \u00e0 Bois d\u2019arcy souhaite organiser un jeu concours intitul\u00e9 \u201d A la recherche du nouveau chez soi \u201d. Le jeu de piste se d\u00e9roule du 22 mai au 7 juillet 2023.<\/p>\n\n\n\n<p class=\"has-text-align-left\">1.2 Le jeu est gratuit et ouvert \u00e0 toute personne r\u00e9sidant en France et Belgique quelque soit sa nationalit\u00e9, \u00e0 l&rsquo;exclusion de toutes les personnes ayant particip\u00e9 \u00e0 l\u2019organisation et \u00e0 la conception du jeu.&nbsp;<\/p>\n\n\n\n<p class=\"has-text-align-left\">1.3 La participation au jeu implique l\u2019acceptation irr\u00e9vocable et sans r\u00e9serves des termes et conditions du pr\u00e9sent r\u00e8glement.<\/p>\n\n\n\n<h2 class=\"wp-block-heading\"><strong>Article n\u00b02<\/strong><strong>: Conditions de participation et principe du jeu<\/strong><\/h2>\n\n\n\n<p>2.1 Les participants doivent s&rsquo;inscrire sur un formulaire en ligne pour acc\u00e9der au jeu.&nbsp;<\/p>\n\n\n\n<p>2.2 Les \u00e9nigmes sont envoy\u00e9es par mail chaque semaine, et les participants ont une semaine pour les r\u00e9soudre. Chaque \u00e9nigme r\u00e9solue m\u00e8ne \u00e0 une \u00e9tape du jeu de piste.&nbsp; Les participants doivent r\u00e9soudre l\u2019\u00e9nigme pour pouvoir acc\u00e9der \u00e0 la suivante et ainsi de suite.&nbsp;<\/p>\n\n\n\n<p>Une fois les quatre \u00e9nigmes r\u00e9solues, les participants devront se rendre \u00e0 l&rsquo;endroit indiqu\u00e9 dans la derni\u00e8re \u00e9nigme, o\u00f9 un repr\u00e9sentant de l&rsquo;entreprise Bocklip les attendra.<\/p>\n\n\n\n<p>2.6 Ce jeu se d\u00e9roule exclusivement sur les r\u00e9seaux sociaux et en physique dans Paris aux dates indiqu\u00e9es dans l\u2019article 1. Chaque participant doit r\u00e9pondre aux conditions du jeu s&rsquo; il veut avoir une chance de remporter le lot.<\/p>\n\n\n\n<p>2.4 Le jeu de piste se termine \u00e0 l&rsquo;adresse du Showroom.&nbsp;<\/p>\n\n\n\n<h2 class=\"wp-block-heading\"><strong>Article n\u00b03<\/strong>: <strong>D\u00e9signation des gagnants<\/strong><\/h2>\n\n\n\n<p>3.1 Pour gagner le participant devra avoir r\u00e9solu les 4 \u00e9nigmes, s&rsquo;\u00eatre rendu au lieu indiqu\u00e9 dans l\u2019\u00e9nigme 4 et arriver le premier \u00e0 la nouvelle adresse du Showroom \u00e0 Paris.<\/p>\n\n\n\n<p>3.2 En cas d\u2019execo, un tirage au sort sera effectu\u00e9 le jour m\u00eame devant t\u00e9moin.&nbsp;<\/p>\n\n\n\n<p>3.3 Les participants qui ont r\u00e9solu les quatre \u00e9nigmes et se sont rendus \u00e0 l&#8217;emplacement indiqu\u00e9 dans l&rsquo;\u00e9nigme 4, mais n&rsquo;ont pas \u00e9t\u00e9 les premiers \u00e0 atteindre l&rsquo;adresse du nouveau showroom, recevront un bon d&rsquo;achat d&rsquo;une valeur de 50\u20ac.<\/p>\n\n\n\n<h2 class=\"wp-block-heading\"><strong>Article n\u00b04 <\/strong><strong>:&nbsp; Dotations<\/strong><\/h2>\n\n\n\n<p>4.1 La r\u00e9compense ne concerne que les fa\u00e7ades de portes en laque mate du nuancier Bocklip jusqu&rsquo;\u00e0 une hauteur de 2000\u20ac.&nbsp;<\/p>\n\n\n\n<p>4.2 Les frais de livraison obligatoire ainsi que la pose ne sont pas inclus. Les d\u00e9lais de livraison sont compris entre 3 mois et 3 mois et demi. La commande de la cuisine devra \u00eatre effectu\u00e9e dans une p\u00e9riode d\u2019un an \u00e0 compter du 7 juillet auquel cas l\u2019offre ne sera plus valable.<\/p>\n\n\n\n<p>4.3 Le bon d\u2019achat devra \u00eatre lui aussi utilis\u00e9 sur une p\u00e9riode maximale d\u2019un an \u00e0 compter du 7 juillet auquel cas l&rsquo;offre ne sera plus valable.&nbsp;<\/p>\n\n\n\n<h2 class=\"wp-block-heading\"><strong>Article n\u00b05<\/strong><strong> :&nbsp; Remise des dotations et modalit\u00e9s<\/strong><\/h2>\n\n\n\n<p>5.1 L\u2019organisateur du jeu contactera le gagnant le jour de l\u2019arriv\u00e9e et confirmera par message. Il remettra \u00e9galement en main propre les bons d\u2019achats le jour de l\u2019arriv\u00e9e.&nbsp;<\/p>\n\n\n\n<h2 class=\"wp-block-heading\"><strong>Article n\u00b06<\/strong><strong> :&nbsp; Responsabilit\u00e9<\/strong><\/h2>\n\n\n\n<p>6.1 L\u2019organisateur ne saurait avoir sa responsabilit\u00e9 engag\u00e9e du fait d\u2019incidents mat\u00e9riels ou immat\u00e9riels subis par les joueurs lors du jeu.<\/p>\n\n\n\n<p>6.2 Il se r\u00e9serve le droit si les circonstances l\u2019exigent; d\u2019\u00e9courter, de prolonger, d&rsquo;annuler&nbsp; ou de modifier ou d\u2019interrompre sans que sa responsabilit\u00e9 soit engag\u00e9e.&nbsp;<\/p>\n\n\n\n<h2 class=\"wp-block-heading\"><strong>Article n\u00b07<\/strong><strong> : Droit applicable et attribution de juridiction<\/strong><\/h2>\n\n\n\n<p>7.1 Tout litige est soumis au droit fran\u00e7ais. Il est fait attribution exclusive de juridiction aux tribunaux comp\u00e9tents de Paris.&nbsp;<\/p>\n","protected":false},"excerpt":{"rendered":"<p>R\u00c8GLEMENT\/ Jeu CONCOURS Juin 2023 :&nbsp; Article n\u00b01 : Organisateur et dur\u00e9e du jeu 1.1 L\u2019entreprise Bocklip dont le si\u00e8ge social est situ\u00e9 au 9, rue Ren\u00e9 Clair \u00e0 Bois d\u2019arcy souhaite organiser un jeu concours intitul\u00e9 \u201d A la recherche du nouveau chez soi \u201d. Le jeu de piste se d\u00e9roule du 22 mai [&hellip;]<\/p>\n","protected":false},"author":2,"featured_media":0,"parent":0,"menu_order":0,"comment_status":"closed","ping_status":"closed","template":"","meta":{"_acf_changed":false,"inline_featured_image":false,"footnotes":""},"class_list":["post-6622","page","type-page","status-publish","hentry"],"acf":[],"yoast_head":"<!-- This site is optimized with the Yoast SEO plugin v26.4 - https:\/\/yoast.com\/wordpress\/plugins\/seo\/ -->\n<title>R\u00e8glement du Jeu de Piste - Inspirations<\/title>\n<meta name=\"robots\" content=\"index, follow, max-snippet:-1, max-image-preview:large, max-video-preview:-1\" \/>\n<link rel=\"canonical\" href=\"https:\/\/www.bocklip.com\/experiences\/\/reglement-du-jeu-de-piste\/\" \/>\n<meta property=\"og:locale\" content=\"fr_FR\" \/>\n<meta property=\"og:type\" content=\"article\" \/>\n<meta property=\"og:title\" content=\"R\u00e8glement du Jeu de Piste - Inspirations\" \/>\n<meta property=\"og:description\" content=\"R\u00c8GLEMENT\/ Jeu CONCOURS Juin 2023 :&nbsp; Article n\u00b01 : Organisateur et dur\u00e9e du jeu 1.1 L\u2019entreprise Bocklip dont le si\u00e8ge social est situ\u00e9 au 9, rue Ren\u00e9 Clair \u00e0 Bois d\u2019arcy souhaite organiser un jeu concours intitul\u00e9 \u201d A la recherche du nouveau chez soi \u201d. Le jeu de piste se d\u00e9roule du 22 mai [&hellip;]\" \/>\n<meta property=\"og:url\" content=\"https:\/\/www.bocklip.com\/experiences\/\/reglement-du-jeu-de-piste\/\" \/>\n<meta property=\"og:site_name\" content=\"Inspirations\" \/>\n<meta property=\"article:publisher\" content=\"https:\/\/www.facebook.com\/Bocklip\" \/>\n<meta property=\"article:modified_time\" content=\"2023-05-17T14:12:35+00:00\" \/>\n<meta property=\"og:image\" content=\"https:\/\/www.bocklip.com\/experiences\/wp-content\/uploads\/2024\/11\/Bocklip_logo_square-3.jpg\" \/>\n\t<meta property=\"og:image:width\" content=\"596\" \/>\n\t<meta property=\"og:image:height\" content=\"596\" \/>\n\t<meta property=\"og:image:type\" content=\"image\/jpeg\" \/>\n<meta name=\"twitter:card\" content=\"summary_large_image\" \/>\n<meta name=\"twitter:label1\" content=\"Dur\u00e9e de lecture estim\u00e9e\" \/>\n\t<meta name=\"twitter:data1\" content=\"3 minutes\" \/>\n<script type=\"application\/ld+json\" class=\"yoast-schema-graph\">{\"@context\":\"https:\/\/schema.org\",\"@graph\":[{\"@type\":\"WebPage\",\"@id\":\"https:\/\/www.bocklip.com\/experiences\/\/reglement-du-jeu-de-piste\/\",\"url\":\"https:\/\/www.bocklip.com\/experiences\/\/reglement-du-jeu-de-piste\/\",\"name\":\"R\u00e8glement du Jeu de Piste - Inspirations\",\"isPartOf\":{\"@id\":\"https:\/\/www.bocklip.com\/experiences\/#website\"},\"datePublished\":\"2023-05-17T14:12:32+00:00\",\"dateModified\":\"2023-05-17T14:12:35+00:00\",\"breadcrumb\":{\"@id\":\"https:\/\/www.bocklip.com\/experiences\/\/reglement-du-jeu-de-piste\/#breadcrumb\"},\"inLanguage\":\"fr-FR\",\"potentialAction\":[{\"@type\":\"ReadAction\",\"target\":[\"https:\/\/www.bocklip.com\/experiences\/\/reglement-du-jeu-de-piste\/\"]}]},{\"@type\":\"BreadcrumbList\",\"@id\":\"https:\/\/www.bocklip.com\/experiences\/\/reglement-du-jeu-de-piste\/#breadcrumb\",\"itemListElement\":[{\"@type\":\"ListItem\",\"position\":1,\"name\":\"Accueil\",\"item\":\"https:\/\/www.bocklip.com\/experiences\/\"},{\"@type\":\"ListItem\",\"position\":2,\"name\":\"R\u00e8glement du Jeu de Piste\"}]},{\"@type\":\"WebSite\",\"@id\":\"https:\/\/www.bocklip.com\/experiences\/#website\",\"url\":\"https:\/\/www.bocklip.com\/experiences\/\",\"name\":\"Bocklip Exp\u00e9riences\",\"description\":\"Les exp\u00e9riences de Bocklip\",\"publisher\":{\"@id\":\"https:\/\/www.bocklip.com\/experiences\/#organization\"},\"potentialAction\":[{\"@type\":\"SearchAction\",\"target\":{\"@type\":\"EntryPoint\",\"urlTemplate\":\"https:\/\/www.bocklip.com\/experiences\/?s={search_term_string}\"},\"query-input\":{\"@type\":\"PropertyValueSpecification\",\"valueRequired\":true,\"valueName\":\"search_term_string\"}}],\"inLanguage\":\"fr-FR\"},{\"@type\":\"Organization\",\"@id\":\"https:\/\/www.bocklip.com\/experiences\/#organization\",\"name\":\"Bocklip Exp\u00e9riences\",\"url\":\"https:\/\/www.bocklip.com\/experiences\/\",\"logo\":{\"@type\":\"ImageObject\",\"inLanguage\":\"fr-FR\",\"@id\":\"https:\/\/www.bocklip.com\/experiences\/#\/schema\/logo\/image\/\",\"url\":\"https:\/\/www.bocklip.com\/experiences\/wp-content\/uploads\/2024\/11\/Bocklip_logo_square-2.jpg\",\"contentUrl\":\"https:\/\/www.bocklip.com\/experiences\/wp-content\/uploads\/2024\/11\/Bocklip_logo_square-2.jpg\",\"width\":596,\"height\":596,\"caption\":\"Bocklip Exp\u00e9riences\"},\"image\":{\"@id\":\"https:\/\/www.bocklip.com\/experiences\/#\/schema\/logo\/image\/\"},\"sameAs\":[\"https:\/\/www.facebook.com\/Bocklip\",\"https:\/\/www.instagram.com\/bocklip\/\"]}]}<\/script>\n<!-- \/ Yoast SEO plugin. -->","yoast_head_json":{"title":"R\u00e8glement du Jeu de Piste - Inspirations","robots":{"index":"index","follow":"follow","max-snippet":"max-snippet:-1","max-image-preview":"max-image-preview:large","max-video-preview":"max-video-preview:-1"},"canonical":"https:\/\/www.bocklip.com\/experiences\/\/reglement-du-jeu-de-piste\/","og_locale":"fr_FR","og_type":"article","og_title":"R\u00e8glement du Jeu de Piste - Inspirations","og_description":"R\u00c8GLEMENT\/ Jeu CONCOURS Juin 2023 :&nbsp; Article n\u00b01 : Organisateur et dur\u00e9e du jeu 1.1 L\u2019entreprise Bocklip dont le si\u00e8ge social est situ\u00e9 au 9, rue Ren\u00e9 Clair \u00e0 Bois d\u2019arcy souhaite organiser un jeu concours intitul\u00e9 \u201d A la recherche du nouveau chez soi \u201d. Le jeu de piste se d\u00e9roule du 22 mai [&hellip;]","og_url":"https:\/\/www.bocklip.com\/experiences\/\/reglement-du-jeu-de-piste\/","og_site_name":"Inspirations","article_publisher":"https:\/\/www.facebook.com\/Bocklip","article_modified_time":"2023-05-17T14:12:35+00:00","og_image":[{"width":596,"height":596,"url":"https:\/\/www.bocklip.com\/experiences\/wp-content\/uploads\/2024\/11\/Bocklip_logo_square-3.jpg","type":"image\/jpeg"}],"twitter_card":"summary_large_image","twitter_misc":{"Dur\u00e9e de lecture estim\u00e9e":"3 minutes"},"schema":{"@context":"https:\/\/schema.org","@graph":[{"@type":"WebPage","@id":"https:\/\/www.bocklip.com\/experiences\/\/reglement-du-jeu-de-piste\/","url":"https:\/\/www.bocklip.com\/experiences\/\/reglement-du-jeu-de-piste\/","name":"R\u00e8glement du Jeu de Piste - Inspirations","isPartOf":{"@id":"https:\/\/www.bocklip.com\/experiences\/#website"},"datePublished":"2023-05-17T14:12:32+00:00","dateModified":"2023-05-17T14:12:35+00:00","breadcrumb":{"@id":"https:\/\/www.bocklip.com\/experiences\/\/reglement-du-jeu-de-piste\/#breadcrumb"},"inLanguage":"fr-FR","potentialAction":[{"@type":"ReadAction","target":["https:\/\/www.bocklip.com\/experiences\/\/reglement-du-jeu-de-piste\/"]}]},{"@type":"BreadcrumbList","@id":"https:\/\/www.bocklip.com\/experiences\/\/reglement-du-jeu-de-piste\/#breadcrumb","itemListElement":[{"@type":"ListItem","position":1,"name":"Accueil","item":"https:\/\/www.bocklip.com\/experiences\/"},{"@type":"ListItem","position":2,"name":"R\u00e8glement du Jeu de Piste"}]},{"@type":"WebSite","@id":"https:\/\/www.bocklip.com\/experiences\/#website","url":"https:\/\/www.bocklip.com\/experiences\/","name":"Bocklip Exp\u00e9riences","description":"Les exp\u00e9riences de Bocklip","publisher":{"@id":"https:\/\/www.bocklip.com\/experiences\/#organization"},"potentialAction":[{"@type":"SearchAction","target":{"@type":"EntryPoint","urlTemplate":"https:\/\/www.bocklip.com\/experiences\/?s={search_term_string}"},"query-input":{"@type":"PropertyValueSpecification","valueRequired":true,"valueName":"search_term_string"}}],"inLanguage":"fr-FR"},{"@type":"Organization","@id":"https:\/\/www.bocklip.com\/experiences\/#organization","name":"Bocklip Exp\u00e9riences","url":"https:\/\/www.bocklip.com\/experiences\/","logo":{"@type":"ImageObject","inLanguage":"fr-FR","@id":"https:\/\/www.bocklip.com\/experiences\/#\/schema\/logo\/image\/","url":"https:\/\/www.bocklip.com\/experiences\/wp-content\/uploads\/2024\/11\/Bocklip_logo_square-2.jpg","contentUrl":"https:\/\/www.bocklip.com\/experiences\/wp-content\/uploads\/2024\/11\/Bocklip_logo_square-2.jpg","width":596,"height":596,"caption":"Bocklip Exp\u00e9riences"},"image":{"@id":"https:\/\/www.bocklip.com\/experiences\/#\/schema\/logo\/image\/"},"sameAs":["https:\/\/www.facebook.com\/Bocklip","https:\/\/www.instagram.com\/bocklip\/"]}]}},"_links":{"self":[{"href":"https:\/\/www.bocklip.com\/experiences\/wp-json\/wp\/v2\/pages\/6622","targetHints":{"allow":["GET"]}}],"collection":[{"href":"https:\/\/www.bocklip.com\/experiences\/wp-json\/wp\/v2\/pages"}],"about":[{"href":"https:\/\/www.bocklip.com\/experiences\/wp-json\/wp\/v2\/types\/page"}],"author":[{"embeddable":true,"href":"https:\/\/www.bocklip.com\/experiences\/wp-json\/wp\/v2\/users\/2"}],"replies":[{"embeddable":true,"href":"https:\/\/www.bocklip.com\/experiences\/wp-json\/wp\/v2\/comments?post=6622"}],"version-history":[{"count":1,"href":"https:\/\/www.bocklip.com\/experiences\/wp-json\/wp\/v2\/pages\/6622\/revisions"}],"predecessor-version":[{"id":6623,"href":"https:\/\/www.bocklip.com\/experiences\/wp-json\/wp\/v2\/pages\/6622\/revisions\/6623"}],"wp:attachment":[{"href":"https:\/\/www.bocklip.com\/experiences\/wp-json\/wp\/v2\/media?parent=6622"}],"curies":[{"name":"wp","href":"https:\/\/api.w.org\/{rel}","templated":true}]}}