{"id":6445,"date":"2023-04-19T16:57:56","date_gmt":"2023-04-19T14:57:56","guid":{"rendered":"https:\/\/www.bocklip.com\/experiences\/\/?page_id=6445"},"modified":"2023-04-20T09:02:30","modified_gmt":"2023-04-20T07:02:30","slug":"rapport-rse-2022","status":"publish","type":"page","link":"https:\/\/www.bocklip.com\/experiences\/accueil-experiences-bocklip-et-exemples-de-cuisines\/rapport-rse-2022\/","title":{"rendered":"Rapport RSE 2022"},"content":{"rendered":"\n<figure class=\"wp-block-gallery has-nested-images columns-default is-cropped wp-block-gallery-1 is-layout-flex wp-block-gallery-is-layout-flex\">\n<figure class=\"wp-block-image size-large\"><img fetchpriority=\"high\" decoding=\"async\" width=\"1024\" height=\"683\" data-id=\"6449\" src=\"https:\/\/www.bocklip.com\/experiences\/\/wp-content\/uploads\/2023\/04\/gregory-dalleau-_8oJQ_42a24-unsplash-1-1024x683.jpg\" alt=\"\" class=\"wp-image-6449\" srcset=\"https:\/\/www.bocklip.com\/experiences\/wp-content\/uploads\/2023\/04\/gregory-dalleau-_8oJQ_42a24-unsplash-1-1024x683.jpg 1024w, https:\/\/www.bocklip.com\/experiences\/wp-content\/uploads\/2023\/04\/gregory-dalleau-_8oJQ_42a24-unsplash-1-300x200.jpg 300w, https:\/\/www.bocklip.com\/experiences\/wp-content\/uploads\/2023\/04\/gregory-dalleau-_8oJQ_42a24-unsplash-1-768x512.jpg 768w, https:\/\/www.bocklip.com\/experiences\/wp-content\/uploads\/2023\/04\/gregory-dalleau-_8oJQ_42a24-unsplash-1-1536x1024.jpg 1536w, https:\/\/www.bocklip.com\/experiences\/wp-content\/uploads\/2023\/04\/gregory-dalleau-_8oJQ_42a24-unsplash-1-2048x1365.jpg 2048w, https:\/\/www.bocklip.com\/experiences\/wp-content\/uploads\/2023\/04\/gregory-dalleau-_8oJQ_42a24-unsplash-1-150x100.jpg 150w\" sizes=\"(max-width: 1024px) 100vw, 1024px\" \/><\/figure>\n<\/figure>\n\n\n\n<p>Chez <strong>Bocklip<\/strong>, nous agissons au quotidien pour un avenir plus durable. Pour la premi\u00e8re fois, nous avons \u00e9crit et rassembl\u00e9 tous nos engagements RSE dans un rapport. Il d\u00e9taille nos 3 piliers : <\/p>\n\n\n\n<ul class=\"wp-block-list\">\n<li><strong>Intemporalit\u00e9<\/strong> : gr\u00e2ce \u00e0 nos fa\u00e7ades haut-de-gamme, donner une seconde vie aux caissons ou imaginer un int\u00e9rieur qui durera dans le temps.<\/li>\n\n\n\n<li><strong>Environnement <\/strong>: tr\u00e8s attach\u00e9 \u00e0 notre impact sur la plan\u00e8te, car le secteur du b\u00e2timent est l&rsquo;un des premier secteur pollueur, nous sommes engag\u00e9s sur plusieurs plans.<\/li>\n\n\n\n<li><strong>Ethique<\/strong> : dans nos ateliers, les conditions de travail font partie des points que nous regardons avant de nouer un partenariat.<\/li>\n<\/ul>\n\n\n\n<p>Ensemble, avec vous, nous pouvons cr\u00e9er un monde plus juste et plus durable. Ci-dessous notre rapport complet \u00e0 t\u00e9l\u00e9charger. <\/p>\n\n\n\n<div class=\"wp-block-buttons is-content-justification-center is-layout-flex wp-container-core-buttons-is-layout-16018d1d wp-block-buttons-is-layout-flex\">\n<div class=\"wp-block-button has-custom-font-size has-medium-font-size\"><a class=\"wp-block-button__link has-black-background-color has-background has-text-align-center wp-element-button\" href=\"https:\/\/www.bocklip.com\/experiences\/\/wp-content\/uploads\/2023\/04\/rapport-rse-bocklip-2022.pdf\" style=\"border-radius:0px\" target=\"_blank\" rel=\"noreferrer noopener\">Rapport RSE 2022<\/a><\/div>\n<\/div>\n","protected":false},"excerpt":{"rendered":"<p>Chez Bocklip, nous agissons au quotidien pour un avenir plus durable. Pour la premi\u00e8re fois, nous avons \u00e9crit et rassembl\u00e9 tous nos engagements RSE dans un rapport. Il d\u00e9taille nos 3 piliers : Ensemble, avec vous, nous pouvons cr\u00e9er un monde plus juste et plus durable. Ci-dessous notre rapport complet \u00e0 t\u00e9l\u00e9charger.<\/p>\n","protected":false},"author":2,"featured_media":6447,"parent":643,"menu_order":0,"comment_status":"closed","ping_status":"closed","template":"","meta":{"_acf_changed":false,"inline_featured_image":false,"footnotes":""},"class_list":["post-6445","page","type-page","status-publish","has-post-thumbnail","hentry"],"acf":[],"yoast_head":"<!-- This site is optimized with the Yoast SEO plugin v26.4 - https:\/\/yoast.com\/wordpress\/plugins\/seo\/ -->\n<title>Rapport RSE 2022 - Inspirations<\/title>\n<meta name=\"description\" content=\"Retrouvez dans ce premier rapport RSE nos 3 piliers : \u00e9thique, environnement et intemporalit\u00e9. Nos engagements pour construire notre marque.\" \/>\n<meta name=\"robots\" content=\"index, follow, max-snippet:-1, max-image-preview:large, max-video-preview:-1\" \/>\n<link rel=\"canonical\" href=\"https:\/\/www.bocklip.com\/experiences\/accueil-experiences-bocklip-et-exemples-de-cuisines\/rapport-rse-2022\/\" \/>\n<meta property=\"og:locale\" content=\"fr_FR\" \/>\n<meta property=\"og:type\" content=\"article\" \/>\n<meta property=\"og:title\" content=\"Rapport RSE 2022 - Inspirations\" \/>\n<meta property=\"og:description\" content=\"Retrouvez dans ce premier rapport RSE nos 3 piliers : \u00e9thique, environnement et intemporalit\u00e9. Nos engagements pour construire notre marque.\" \/>\n<meta property=\"og:url\" content=\"https:\/\/www.bocklip.com\/experiences\/accueil-experiences-bocklip-et-exemples-de-cuisines\/rapport-rse-2022\/\" \/>\n<meta property=\"og:site_name\" content=\"Inspirations\" \/>\n<meta property=\"article:publisher\" content=\"https:\/\/www.facebook.com\/Bocklip\" \/>\n<meta property=\"article:modified_time\" content=\"2023-04-20T07:02:30+00:00\" \/>\n<meta property=\"og:image\" content=\"https:\/\/www.bocklip.com\/experiences\/\/wp-content\/uploads\/2023\/04\/gregory-dalleau-_8oJQ_42a24-unsplash-scaled.jpg\" \/>\n\t<meta property=\"og:image:width\" content=\"2560\" \/>\n\t<meta property=\"og:image:height\" content=\"1707\" \/>\n\t<meta property=\"og:image:type\" content=\"image\/jpeg\" \/>\n<meta name=\"twitter:card\" content=\"summary_large_image\" \/>\n<meta name=\"twitter:label1\" content=\"Dur\u00e9e de lecture estim\u00e9e\" \/>\n\t<meta name=\"twitter:data1\" content=\"1 minute\" \/>\n<script type=\"application\/ld+json\" class=\"yoast-schema-graph\">{\"@context\":\"https:\/\/schema.org\",\"@graph\":[{\"@type\":\"WebPage\",\"@id\":\"https:\/\/www.bocklip.com\/experiences\/accueil-experiences-bocklip-et-exemples-de-cuisines\/rapport-rse-2022\/\",\"url\":\"https:\/\/www.bocklip.com\/experiences\/accueil-experiences-bocklip-et-exemples-de-cuisines\/rapport-rse-2022\/\",\"name\":\"Rapport RSE 2022 - Inspirations\",\"isPartOf\":{\"@id\":\"https:\/\/www.bocklip.com\/experiences\/#website\"},\"primaryImageOfPage\":{\"@id\":\"https:\/\/www.bocklip.com\/experiences\/accueil-experiences-bocklip-et-exemples-de-cuisines\/rapport-rse-2022\/#primaryimage\"},\"image\":{\"@id\":\"https:\/\/www.bocklip.com\/experiences\/accueil-experiences-bocklip-et-exemples-de-cuisines\/rapport-rse-2022\/#primaryimage\"},\"thumbnailUrl\":\"https:\/\/www.bocklip.com\/experiences\/wp-content\/uploads\/2023\/04\/gregory-dalleau-_8oJQ_42a24-unsplash-scaled.jpg\",\"datePublished\":\"2023-04-19T14:57:56+00:00\",\"dateModified\":\"2023-04-20T07:02:30+00:00\",\"description\":\"Retrouvez dans ce premier rapport RSE nos 3 piliers : \u00e9thique, environnement et intemporalit\u00e9. Nos engagements pour construire notre marque.\",\"breadcrumb\":{\"@id\":\"https:\/\/www.bocklip.com\/experiences\/accueil-experiences-bocklip-et-exemples-de-cuisines\/rapport-rse-2022\/#breadcrumb\"},\"inLanguage\":\"fr-FR\",\"potentialAction\":[{\"@type\":\"ReadAction\",\"target\":[\"https:\/\/www.bocklip.com\/experiences\/accueil-experiences-bocklip-et-exemples-de-cuisines\/rapport-rse-2022\/\"]}]},{\"@type\":\"ImageObject\",\"inLanguage\":\"fr-FR\",\"@id\":\"https:\/\/www.bocklip.com\/experiences\/accueil-experiences-bocklip-et-exemples-de-cuisines\/rapport-rse-2022\/#primaryimage\",\"url\":\"https:\/\/www.bocklip.com\/experiences\/wp-content\/uploads\/2023\/04\/gregory-dalleau-_8oJQ_42a24-unsplash-scaled.jpg\",\"contentUrl\":\"https:\/\/www.bocklip.com\/experiences\/wp-content\/uploads\/2023\/04\/gregory-dalleau-_8oJQ_42a24-unsplash-scaled.jpg\",\"width\":2560,\"height\":1707,\"caption\":\"rapport-rse-bocklip-2022\"},{\"@type\":\"BreadcrumbList\",\"@id\":\"https:\/\/www.bocklip.com\/experiences\/accueil-experiences-bocklip-et-exemples-de-cuisines\/rapport-rse-2022\/#breadcrumb\",\"itemListElement\":[{\"@type\":\"ListItem\",\"position\":1,\"name\":\"Accueil\",\"item\":\"https:\/\/www.bocklip.com\/experiences\/\"},{\"@type\":\"ListItem\",\"position\":2,\"name\":\"Accueil\",\"item\":\"https:\/\/www.bocklip.com\/experiences\/\"},{\"@type\":\"ListItem\",\"position\":3,\"name\":\"Rapport RSE 2022\"}]},{\"@type\":\"WebSite\",\"@id\":\"https:\/\/www.bocklip.com\/experiences\/#website\",\"url\":\"https:\/\/www.bocklip.com\/experiences\/\",\"name\":\"Bocklip Exp\u00e9riences\",\"description\":\"Les exp\u00e9riences de Bocklip\",\"publisher\":{\"@id\":\"https:\/\/www.bocklip.com\/experiences\/#organization\"},\"potentialAction\":[{\"@type\":\"SearchAction\",\"target\":{\"@type\":\"EntryPoint\",\"urlTemplate\":\"https:\/\/www.bocklip.com\/experiences\/?s={search_term_string}\"},\"query-input\":{\"@type\":\"PropertyValueSpecification\",\"valueRequired\":true,\"valueName\":\"search_term_string\"}}],\"inLanguage\":\"fr-FR\"},{\"@type\":\"Organization\",\"@id\":\"https:\/\/www.bocklip.com\/experiences\/#organization\",\"name\":\"Bocklip Exp\u00e9riences\",\"url\":\"https:\/\/www.bocklip.com\/experiences\/\",\"logo\":{\"@type\":\"ImageObject\",\"inLanguage\":\"fr-FR\",\"@id\":\"https:\/\/www.bocklip.com\/experiences\/#\/schema\/logo\/image\/\",\"url\":\"https:\/\/www.bocklip.com\/experiences\/wp-content\/uploads\/2024\/11\/Bocklip_logo_square-2.jpg\",\"contentUrl\":\"https:\/\/www.bocklip.com\/experiences\/wp-content\/uploads\/2024\/11\/Bocklip_logo_square-2.jpg\",\"width\":596,\"height\":596,\"caption\":\"Bocklip Exp\u00e9riences\"},\"image\":{\"@id\":\"https:\/\/www.bocklip.com\/experiences\/#\/schema\/logo\/image\/\"},\"sameAs\":[\"https:\/\/www.facebook.com\/Bocklip\",\"https:\/\/www.instagram.com\/bocklip\/\"]}]}<\/script>\n<!-- \/ Yoast SEO plugin. -->","yoast_head_json":{"title":"Rapport RSE 2022 - Inspirations","description":"Retrouvez dans ce premier rapport RSE nos 3 piliers : \u00e9thique, environnement et intemporalit\u00e9. Nos engagements pour construire notre marque.","robots":{"index":"index","follow":"follow","max-snippet":"max-snippet:-1","max-image-preview":"max-image-preview:large","max-video-preview":"max-video-preview:-1"},"canonical":"https:\/\/www.bocklip.com\/experiences\/accueil-experiences-bocklip-et-exemples-de-cuisines\/rapport-rse-2022\/","og_locale":"fr_FR","og_type":"article","og_title":"Rapport RSE 2022 - Inspirations","og_description":"Retrouvez dans ce premier rapport RSE nos 3 piliers : \u00e9thique, environnement et intemporalit\u00e9. Nos engagements pour construire notre marque.","og_url":"https:\/\/www.bocklip.com\/experiences\/accueil-experiences-bocklip-et-exemples-de-cuisines\/rapport-rse-2022\/","og_site_name":"Inspirations","article_publisher":"https:\/\/www.facebook.com\/Bocklip","article_modified_time":"2023-04-20T07:02:30+00:00","og_image":[{"width":2560,"height":1707,"url":"https:\/\/www.bocklip.com\/experiences\/\/wp-content\/uploads\/2023\/04\/gregory-dalleau-_8oJQ_42a24-unsplash-scaled.jpg","type":"image\/jpeg"}],"twitter_card":"summary_large_image","twitter_misc":{"Dur\u00e9e de lecture estim\u00e9e":"1 minute"},"schema":{"@context":"https:\/\/schema.org","@graph":[{"@type":"WebPage","@id":"https:\/\/www.bocklip.com\/experiences\/accueil-experiences-bocklip-et-exemples-de-cuisines\/rapport-rse-2022\/","url":"https:\/\/www.bocklip.com\/experiences\/accueil-experiences-bocklip-et-exemples-de-cuisines\/rapport-rse-2022\/","name":"Rapport RSE 2022 - Inspirations","isPartOf":{"@id":"https:\/\/www.bocklip.com\/experiences\/#website"},"primaryImageOfPage":{"@id":"https:\/\/www.bocklip.com\/experiences\/accueil-experiences-bocklip-et-exemples-de-cuisines\/rapport-rse-2022\/#primaryimage"},"image":{"@id":"https:\/\/www.bocklip.com\/experiences\/accueil-experiences-bocklip-et-exemples-de-cuisines\/rapport-rse-2022\/#primaryimage"},"thumbnailUrl":"https:\/\/www.bocklip.com\/experiences\/wp-content\/uploads\/2023\/04\/gregory-dalleau-_8oJQ_42a24-unsplash-scaled.jpg","datePublished":"2023-04-19T14:57:56+00:00","dateModified":"2023-04-20T07:02:30+00:00","description":"Retrouvez dans ce premier rapport RSE nos 3 piliers : \u00e9thique, environnement et intemporalit\u00e9. Nos engagements pour construire notre marque.","breadcrumb":{"@id":"https:\/\/www.bocklip.com\/experiences\/accueil-experiences-bocklip-et-exemples-de-cuisines\/rapport-rse-2022\/#breadcrumb"},"inLanguage":"fr-FR","potentialAction":[{"@type":"ReadAction","target":["https:\/\/www.bocklip.com\/experiences\/accueil-experiences-bocklip-et-exemples-de-cuisines\/rapport-rse-2022\/"]}]},{"@type":"ImageObject","inLanguage":"fr-FR","@id":"https:\/\/www.bocklip.com\/experiences\/accueil-experiences-bocklip-et-exemples-de-cuisines\/rapport-rse-2022\/#primaryimage","url":"https:\/\/www.bocklip.com\/experiences\/wp-content\/uploads\/2023\/04\/gregory-dalleau-_8oJQ_42a24-unsplash-scaled.jpg","contentUrl":"https:\/\/www.bocklip.com\/experiences\/wp-content\/uploads\/2023\/04\/gregory-dalleau-_8oJQ_42a24-unsplash-scaled.jpg","width":2560,"height":1707,"caption":"rapport-rse-bocklip-2022"},{"@type":"BreadcrumbList","@id":"https:\/\/www.bocklip.com\/experiences\/accueil-experiences-bocklip-et-exemples-de-cuisines\/rapport-rse-2022\/#breadcrumb","itemListElement":[{"@type":"ListItem","position":1,"name":"Accueil","item":"https:\/\/www.bocklip.com\/experiences\/"},{"@type":"ListItem","position":2,"name":"Accueil","item":"https:\/\/www.bocklip.com\/experiences\/"},{"@type":"ListItem","position":3,"name":"Rapport RSE 2022"}]},{"@type":"WebSite","@id":"https:\/\/www.bocklip.com\/experiences\/#website","url":"https:\/\/www.bocklip.com\/experiences\/","name":"Bocklip Exp\u00e9riences","description":"Les exp\u00e9riences de Bocklip","publisher":{"@id":"https:\/\/www.bocklip.com\/experiences\/#organization"},"potentialAction":[{"@type":"SearchAction","target":{"@type":"EntryPoint","urlTemplate":"https:\/\/www.bocklip.com\/experiences\/?s={search_term_string}"},"query-input":{"@type":"PropertyValueSpecification","valueRequired":true,"valueName":"search_term_string"}}],"inLanguage":"fr-FR"},{"@type":"Organization","@id":"https:\/\/www.bocklip.com\/experiences\/#organization","name":"Bocklip Exp\u00e9riences","url":"https:\/\/www.bocklip.com\/experiences\/","logo":{"@type":"ImageObject","inLanguage":"fr-FR","@id":"https:\/\/www.bocklip.com\/experiences\/#\/schema\/logo\/image\/","url":"https:\/\/www.bocklip.com\/experiences\/wp-content\/uploads\/2024\/11\/Bocklip_logo_square-2.jpg","contentUrl":"https:\/\/www.bocklip.com\/experiences\/wp-content\/uploads\/2024\/11\/Bocklip_logo_square-2.jpg","width":596,"height":596,"caption":"Bocklip Exp\u00e9riences"},"image":{"@id":"https:\/\/www.bocklip.com\/experiences\/#\/schema\/logo\/image\/"},"sameAs":["https:\/\/www.facebook.com\/Bocklip","https:\/\/www.instagram.com\/bocklip\/"]}]}},"_links":{"self":[{"href":"https:\/\/www.bocklip.com\/experiences\/wp-json\/wp\/v2\/pages\/6445","targetHints":{"allow":["GET"]}}],"collection":[{"href":"https:\/\/www.bocklip.com\/experiences\/wp-json\/wp\/v2\/pages"}],"about":[{"href":"https:\/\/www.bocklip.com\/experiences\/wp-json\/wp\/v2\/types\/page"}],"author":[{"embeddable":true,"href":"https:\/\/www.bocklip.com\/experiences\/wp-json\/wp\/v2\/users\/2"}],"replies":[{"embeddable":true,"href":"https:\/\/www.bocklip.com\/experiences\/wp-json\/wp\/v2\/comments?post=6445"}],"version-history":[{"count":5,"href":"https:\/\/www.bocklip.com\/experiences\/wp-json\/wp\/v2\/pages\/6445\/revisions"}],"predecessor-version":[{"id":6454,"href":"https:\/\/www.bocklip.com\/experiences\/wp-json\/wp\/v2\/pages\/6445\/revisions\/6454"}],"up":[{"embeddable":true,"href":"https:\/\/www.bocklip.com\/experiences\/wp-json\/wp\/v2\/pages\/643"}],"wp:featuredmedia":[{"embeddable":true,"href":"https:\/\/www.bocklip.com\/experiences\/wp-json\/wp\/v2\/media\/6447"}],"wp:attachment":[{"href":"https:\/\/www.bocklip.com\/experiences\/wp-json\/wp\/v2\/media?parent=6445"}],"curies":[{"name":"wp","href":"https:\/\/api.w.org\/{rel}","templated":true}]}}