{"id":4243,"date":"2022-04-17T21:07:24","date_gmt":"2022-04-17T19:07:24","guid":{"rendered":"https:\/\/www.bocklip.com\/experiences\/\/?page_id=4243"},"modified":"2022-04-17T21:25:22","modified_gmt":"2022-04-17T19:25:22","slug":"planning-de-livraison-region-sud-ouest","status":"publish","type":"page","link":"https:\/\/www.bocklip.com\/experiences\/planning-de-livraison-region-sud-ouest\/","title":{"rendered":"Je choisis la date de ma livraison &#8211; R\u00e9gion du Sud-Ouest"},"content":{"rendered":"\t\t<div data-elementor-type=\"wp-page\" data-elementor-id=\"4243\" class=\"elementor elementor-4243\" data-elementor-post-type=\"page\">\n\t\t\t\t\t\t<section data-dce-background-image-url=\"https:\/\/www.bocklip.com\/experiences\/\/wp-content\/uploads\/2022\/04\/IMG_9530-scaled.jpg\" class=\"elementor-section elementor-top-section elementor-element elementor-element-372e4666 elementor-section-height-min-height elementor-section-boxed elementor-section-height-default elementor-section-items-middle\" data-id=\"372e4666\" data-element_type=\"section\" data-settings=\"{&quot;background_background&quot;:&quot;classic&quot;,&quot;jet_parallax_layout_list&quot;:[]}\">\n\t\t\t\t\t\t<div class=\"elementor-container elementor-column-gap-default\">\n\t\t\t\t\t<div class=\"elementor-column elementor-col-100 elementor-top-column elementor-element elementor-element-23ceac7\" data-id=\"23ceac7\" data-element_type=\"column\">\n\t\t\t<div class=\"elementor-widget-wrap\">\n\t\t\t\t\t\t\t<\/div>\n\t\t<\/div>\n\t\t\t\t\t<\/div>\n\t\t<\/section>\n\t\t\t\t<section class=\"elementor-section elementor-top-section elementor-element elementor-element-ca10eb9 elementor-section-boxed elementor-section-height-default elementor-section-height-default\" data-id=\"ca10eb9\" data-element_type=\"section\" data-settings=\"{&quot;jet_parallax_layout_list&quot;:[]}\">\n\t\t\t\t\t\t<div class=\"elementor-container elementor-column-gap-default\">\n\t\t\t\t\t<div class=\"elementor-column elementor-col-100 elementor-top-column elementor-element elementor-element-2ecebaf8\" data-id=\"2ecebaf8\" data-element_type=\"column\">\n\t\t\t<div class=\"elementor-widget-wrap elementor-element-populated\">\n\t\t\t\t\t\t<div class=\"elementor-element elementor-element-619087b0 titre_cta elementor-widget elementor-widget-heading\" data-id=\"619087b0\" data-element_type=\"widget\" data-widget_type=\"heading.default\">\n\t\t\t\t<div class=\"elementor-widget-container\">\n\t\t\t\t\t<h1 class=\"elementor-heading-title elementor-size-small\">Je choisis ma date de livraison pour les r\u00e9gions du Sud-Ouest<\/h1>\t\t\t\t<\/div>\n\t\t\t\t<\/div>\n\t\t\t\t<div class=\"elementor-element elementor-element-3bdd1885 elementor-widget elementor-widget-text-editor\" data-id=\"3bdd1885\" data-element_type=\"widget\" data-widget_type=\"text-editor.default\">\n\t\t\t\t<div class=\"elementor-widget-container\">\n\t\t\t\t\t\t\t\t\t<p><strong><strong id=\"yiv1473476360docs-internal-guid-a3b64026-7fff-a7a3-f3cc-b727e611d159\">Comment se d\u00e9roulera votre\u00a0livraison ?<\/strong><\/strong><\/p><p>Vous allez vous inscrire dans le calendrier ci dessous en sectionnant la date de la tourn\u00e9e qui vous convient. Il est important que vous soyez pr\u00e9sent au moment de la livraison afin de contr\u00f4ler le nombre et l&rsquo;\u00e9tat des colis.<\/p><p style=\"text-align: center;\">Avec notre partenaire FRET21, nous\u00a0r\u00e9duisons nos\u00a0\u00e9missions de CO2 en organisant des tourn\u00e9es uniques avec des\u00a0camions pleins!<\/p><p style=\"text-align: center;\"><strong>Horaires de livraison :<\/strong><\/p><p style=\"text-align: center;\">Durant la journ\u00e9e de 9h00 \u00e0 18h00<\/p><p style=\"text-align: center;\"><strong>Type de livraison :<\/strong><\/p><p style=\"text-align: center;\">Votre commande sera livr\u00e9e au pied du camion.<\/p>\t\t\t\t\t\t\t\t<\/div>\n\t\t\t\t<\/div>\n\t\t\t\t\t<\/div>\n\t\t<\/div>\n\t\t\t\t\t<\/div>\n\t\t<\/section>\n\t\t\t\t<section class=\"elementor-section elementor-top-section elementor-element elementor-element-1ef7dea elementor-section-boxed elementor-section-height-default elementor-section-height-default\" data-id=\"1ef7dea\" data-element_type=\"section\" data-settings=\"{&quot;jet_parallax_layout_list&quot;:[]}\">\n\t\t\t\t\t\t<div class=\"elementor-container elementor-column-gap-wide\">\n\t\t\t\t\t<div class=\"elementor-column elementor-col-33 elementor-top-column elementor-element elementor-element-d9bfeca\" data-id=\"d9bfeca\" data-element_type=\"column\">\n\t\t\t<div class=\"elementor-widget-wrap\">\n\t\t\t\t\t\t\t<\/div>\n\t\t<\/div>\n\t\t\t\t<div class=\"elementor-column elementor-col-33 elementor-top-column elementor-element elementor-element-22164d7\" data-id=\"22164d7\" data-element_type=\"column\">\n\t\t\t<div class=\"elementor-widget-wrap elementor-element-populated\">\n\t\t\t\t\t\t<div class=\"elementor-element elementor-element-d7246a6 elementor-widget elementor-widget-shortcode\" data-id=\"d7246a6\" data-element_type=\"widget\" data-widget_type=\"shortcode.default\">\n\t\t\t\t<div class=\"elementor-widget-container\">\n\t\t\t\t\t\t\t<div class=\"elementor-shortcode\">[booked-calendar calendar=50 size=\"small\" height=\"100px\"]<\/div>\n\t\t\t\t\t\t<\/div>\n\t\t\t\t<\/div>\n\t\t\t\t\t<\/div>\n\t\t<\/div>\n\t\t\t\t<div class=\"elementor-column elementor-col-33 elementor-top-column elementor-element elementor-element-b73897b\" data-id=\"b73897b\" data-element_type=\"column\">\n\t\t\t<div class=\"elementor-widget-wrap\">\n\t\t\t\t\t\t\t<\/div>\n\t\t<\/div>\n\t\t\t\t\t<\/div>\n\t\t<\/section>\n\t\t\t\t<\/div>\n\t\t","protected":false},"excerpt":{"rendered":"<p>Je choisis ma date de livraison pour les r\u00e9gions du Sud-Ouest Comment se d\u00e9roulera votre\u00a0livraison ? Vous allez vous inscrire dans le calendrier ci dessous en sectionnant la date de la tourn\u00e9e qui vous convient. Il est important que vous soyez pr\u00e9sent au moment de la livraison afin de contr\u00f4ler le nombre et l&rsquo;\u00e9tat des [&hellip;]<\/p>\n","protected":false},"author":1,"featured_media":0,"parent":0,"menu_order":0,"comment_status":"closed","ping_status":"closed","template":"","meta":{"_acf_changed":false,"inline_featured_image":false,"footnotes":""},"class_list":["post-4243","page","type-page","status-publish","hentry"],"acf":[],"yoast_head":"<!-- This site is optimized with the Yoast SEO plugin v26.4 - https:\/\/yoast.com\/wordpress\/plugins\/seo\/ -->\n<title>Je choisis la date de ma livraison - R\u00e9gion du Sud-Ouest - Inspirations<\/title>\n<meta name=\"description\" content=\"Je definis ma date de livraison de mes facades BOCKLIP\" \/>\n<meta name=\"robots\" content=\"index, follow, max-snippet:-1, max-image-preview:large, max-video-preview:-1\" \/>\n<link rel=\"canonical\" href=\"https:\/\/www.bocklip.com\/experiences\/\/planning-de-livraison-region-sud-ouest\/\" \/>\n<meta property=\"og:locale\" content=\"fr_FR\" \/>\n<meta property=\"og:type\" content=\"article\" \/>\n<meta property=\"og:title\" content=\"Je choisis la date de ma livraison - R\u00e9gion du Sud-Ouest - Inspirations\" \/>\n<meta property=\"og:description\" content=\"Je definis ma date de livraison de mes facades BOCKLIP\" \/>\n<meta property=\"og:url\" content=\"https:\/\/www.bocklip.com\/experiences\/\/planning-de-livraison-region-sud-ouest\/\" \/>\n<meta property=\"og:site_name\" content=\"Inspirations\" \/>\n<meta property=\"article:publisher\" content=\"https:\/\/www.facebook.com\/Bocklip\" \/>\n<meta property=\"article:modified_time\" content=\"2022-04-17T19:25:22+00:00\" \/>\n<meta property=\"og:image\" content=\"https:\/\/www.bocklip.com\/experiences\/wp-content\/uploads\/2024\/11\/Bocklip_logo_square-3.jpg\" \/>\n\t<meta property=\"og:image:width\" content=\"596\" \/>\n\t<meta property=\"og:image:height\" content=\"596\" \/>\n\t<meta property=\"og:image:type\" content=\"image\/jpeg\" \/>\n<meta name=\"twitter:card\" content=\"summary_large_image\" \/>\n<meta name=\"twitter:label1\" content=\"Dur\u00e9e de lecture estim\u00e9e\" \/>\n\t<meta name=\"twitter:data1\" content=\"1 minute\" \/>\n<script type=\"application\/ld+json\" class=\"yoast-schema-graph\">{\"@context\":\"https:\/\/schema.org\",\"@graph\":[{\"@type\":\"WebPage\",\"@id\":\"https:\/\/www.bocklip.com\/experiences\/\/planning-de-livraison-region-sud-ouest\/\",\"url\":\"https:\/\/www.bocklip.com\/experiences\/\/planning-de-livraison-region-sud-ouest\/\",\"name\":\"Je choisis la date de ma livraison - R\u00e9gion du Sud-Ouest - Inspirations\",\"isPartOf\":{\"@id\":\"https:\/\/www.bocklip.com\/experiences\/#website\"},\"datePublished\":\"2022-04-17T19:07:24+00:00\",\"dateModified\":\"2022-04-17T19:25:22+00:00\",\"description\":\"Je definis ma date de livraison de mes facades BOCKLIP\",\"breadcrumb\":{\"@id\":\"https:\/\/www.bocklip.com\/experiences\/\/planning-de-livraison-region-sud-ouest\/#breadcrumb\"},\"inLanguage\":\"fr-FR\",\"potentialAction\":[{\"@type\":\"ReadAction\",\"target\":[\"https:\/\/www.bocklip.com\/experiences\/\/planning-de-livraison-region-sud-ouest\/\"]}]},{\"@type\":\"BreadcrumbList\",\"@id\":\"https:\/\/www.bocklip.com\/experiences\/\/planning-de-livraison-region-sud-ouest\/#breadcrumb\",\"itemListElement\":[{\"@type\":\"ListItem\",\"position\":1,\"name\":\"Accueil\",\"item\":\"https:\/\/www.bocklip.com\/experiences\/\"},{\"@type\":\"ListItem\",\"position\":2,\"name\":\"Je choisis la date de ma livraison &#8211; R\u00e9gion du Sud-Ouest\"}]},{\"@type\":\"WebSite\",\"@id\":\"https:\/\/www.bocklip.com\/experiences\/#website\",\"url\":\"https:\/\/www.bocklip.com\/experiences\/\",\"name\":\"Bocklip Exp\u00e9riences\",\"description\":\"Les exp\u00e9riences de Bocklip\",\"publisher\":{\"@id\":\"https:\/\/www.bocklip.com\/experiences\/#organization\"},\"potentialAction\":[{\"@type\":\"SearchAction\",\"target\":{\"@type\":\"EntryPoint\",\"urlTemplate\":\"https:\/\/www.bocklip.com\/experiences\/?s={search_term_string}\"},\"query-input\":{\"@type\":\"PropertyValueSpecification\",\"valueRequired\":true,\"valueName\":\"search_term_string\"}}],\"inLanguage\":\"fr-FR\"},{\"@type\":\"Organization\",\"@id\":\"https:\/\/www.bocklip.com\/experiences\/#organization\",\"name\":\"Bocklip Exp\u00e9riences\",\"url\":\"https:\/\/www.bocklip.com\/experiences\/\",\"logo\":{\"@type\":\"ImageObject\",\"inLanguage\":\"fr-FR\",\"@id\":\"https:\/\/www.bocklip.com\/experiences\/#\/schema\/logo\/image\/\",\"url\":\"https:\/\/www.bocklip.com\/experiences\/wp-content\/uploads\/2024\/11\/Bocklip_logo_square-2.jpg\",\"contentUrl\":\"https:\/\/www.bocklip.com\/experiences\/wp-content\/uploads\/2024\/11\/Bocklip_logo_square-2.jpg\",\"width\":596,\"height\":596,\"caption\":\"Bocklip Exp\u00e9riences\"},\"image\":{\"@id\":\"https:\/\/www.bocklip.com\/experiences\/#\/schema\/logo\/image\/\"},\"sameAs\":[\"https:\/\/www.facebook.com\/Bocklip\",\"https:\/\/www.instagram.com\/bocklip\/\"]}]}<\/script>\n<!-- \/ Yoast SEO plugin. -->","yoast_head_json":{"title":"Je choisis la date de ma livraison - R\u00e9gion du Sud-Ouest - Inspirations","description":"Je definis ma date de livraison de mes facades BOCKLIP","robots":{"index":"index","follow":"follow","max-snippet":"max-snippet:-1","max-image-preview":"max-image-preview:large","max-video-preview":"max-video-preview:-1"},"canonical":"https:\/\/www.bocklip.com\/experiences\/\/planning-de-livraison-region-sud-ouest\/","og_locale":"fr_FR","og_type":"article","og_title":"Je choisis la date de ma livraison - R\u00e9gion du Sud-Ouest - Inspirations","og_description":"Je definis ma date de livraison de mes facades BOCKLIP","og_url":"https:\/\/www.bocklip.com\/experiences\/\/planning-de-livraison-region-sud-ouest\/","og_site_name":"Inspirations","article_publisher":"https:\/\/www.facebook.com\/Bocklip","article_modified_time":"2022-04-17T19:25:22+00:00","og_image":[{"width":596,"height":596,"url":"https:\/\/www.bocklip.com\/experiences\/wp-content\/uploads\/2024\/11\/Bocklip_logo_square-3.jpg","type":"image\/jpeg"}],"twitter_card":"summary_large_image","twitter_misc":{"Dur\u00e9e de lecture estim\u00e9e":"1 minute"},"schema":{"@context":"https:\/\/schema.org","@graph":[{"@type":"WebPage","@id":"https:\/\/www.bocklip.com\/experiences\/\/planning-de-livraison-region-sud-ouest\/","url":"https:\/\/www.bocklip.com\/experiences\/\/planning-de-livraison-region-sud-ouest\/","name":"Je choisis la date de ma livraison - R\u00e9gion du Sud-Ouest - Inspirations","isPartOf":{"@id":"https:\/\/www.bocklip.com\/experiences\/#website"},"datePublished":"2022-04-17T19:07:24+00:00","dateModified":"2022-04-17T19:25:22+00:00","description":"Je definis ma date de livraison de mes facades BOCKLIP","breadcrumb":{"@id":"https:\/\/www.bocklip.com\/experiences\/\/planning-de-livraison-region-sud-ouest\/#breadcrumb"},"inLanguage":"fr-FR","potentialAction":[{"@type":"ReadAction","target":["https:\/\/www.bocklip.com\/experiences\/\/planning-de-livraison-region-sud-ouest\/"]}]},{"@type":"BreadcrumbList","@id":"https:\/\/www.bocklip.com\/experiences\/\/planning-de-livraison-region-sud-ouest\/#breadcrumb","itemListElement":[{"@type":"ListItem","position":1,"name":"Accueil","item":"https:\/\/www.bocklip.com\/experiences\/"},{"@type":"ListItem","position":2,"name":"Je choisis la date de ma livraison &#8211; R\u00e9gion du Sud-Ouest"}]},{"@type":"WebSite","@id":"https:\/\/www.bocklip.com\/experiences\/#website","url":"https:\/\/www.bocklip.com\/experiences\/","name":"Bocklip Exp\u00e9riences","description":"Les exp\u00e9riences de Bocklip","publisher":{"@id":"https:\/\/www.bocklip.com\/experiences\/#organization"},"potentialAction":[{"@type":"SearchAction","target":{"@type":"EntryPoint","urlTemplate":"https:\/\/www.bocklip.com\/experiences\/?s={search_term_string}"},"query-input":{"@type":"PropertyValueSpecification","valueRequired":true,"valueName":"search_term_string"}}],"inLanguage":"fr-FR"},{"@type":"Organization","@id":"https:\/\/www.bocklip.com\/experiences\/#organization","name":"Bocklip Exp\u00e9riences","url":"https:\/\/www.bocklip.com\/experiences\/","logo":{"@type":"ImageObject","inLanguage":"fr-FR","@id":"https:\/\/www.bocklip.com\/experiences\/#\/schema\/logo\/image\/","url":"https:\/\/www.bocklip.com\/experiences\/wp-content\/uploads\/2024\/11\/Bocklip_logo_square-2.jpg","contentUrl":"https:\/\/www.bocklip.com\/experiences\/wp-content\/uploads\/2024\/11\/Bocklip_logo_square-2.jpg","width":596,"height":596,"caption":"Bocklip Exp\u00e9riences"},"image":{"@id":"https:\/\/www.bocklip.com\/experiences\/#\/schema\/logo\/image\/"},"sameAs":["https:\/\/www.facebook.com\/Bocklip","https:\/\/www.instagram.com\/bocklip\/"]}]}},"_links":{"self":[{"href":"https:\/\/www.bocklip.com\/experiences\/wp-json\/wp\/v2\/pages\/4243","targetHints":{"allow":["GET"]}}],"collection":[{"href":"https:\/\/www.bocklip.com\/experiences\/wp-json\/wp\/v2\/pages"}],"about":[{"href":"https:\/\/www.bocklip.com\/experiences\/wp-json\/wp\/v2\/types\/page"}],"author":[{"embeddable":true,"href":"https:\/\/www.bocklip.com\/experiences\/wp-json\/wp\/v2\/users\/1"}],"replies":[{"embeddable":true,"href":"https:\/\/www.bocklip.com\/experiences\/wp-json\/wp\/v2\/comments?post=4243"}],"version-history":[{"count":8,"href":"https:\/\/www.bocklip.com\/experiences\/wp-json\/wp\/v2\/pages\/4243\/revisions"}],"predecessor-version":[{"id":5355,"href":"https:\/\/www.bocklip.com\/experiences\/wp-json\/wp\/v2\/pages\/4243\/revisions\/5355"}],"wp:attachment":[{"href":"https:\/\/www.bocklip.com\/experiences\/wp-json\/wp\/v2\/media?parent=4243"}],"curies":[{"name":"wp","href":"https:\/\/api.w.org\/{rel}","templated":true}]}}